{"id":159,"date":"2021-10-27T11:22:56","date_gmt":"2021-10-27T09:22:56","guid":{"rendered":"https:\/\/www.bei-paul.de\/leo\/?page_id=159"},"modified":"2021-10-27T11:22:56","modified_gmt":"2021-10-27T09:22:56","slug":"soziales","status":"publish","type":"page","link":"https:\/\/www.bei-paul.de\/leo\/soziales\/","title":{"rendered":"Soziales"},"content":{"rendered":"\n<p class=\"has-text-color has-normal-font-size\" style=\"color:#008d4e\"><strong>Soziales Engagement<\/strong><\/p>\n\n\n\n<figure class=\"wp-block-image size-full\"><img loading=\"lazy\" decoding=\"async\" width=\"128\" height=\"128\" src=\"https:\/\/www.bei-paul.de\/leo\/wp-content\/uploads\/2021\/10\/3832397.png\" alt=\"\" class=\"wp-image-160\"\/><\/figure>\n\n\n\n<p><strong>F\u00f6rdern &#8211; Verstehen &#8211; Begegnen<\/strong><\/p>\n\n\n\n<p>Schon immer engagieren wir uns in verschiedenen sozialen Bereichen<\/p>\n\n\n\n<p><strong>Das Vereinsleben in unserer Stadt und Region<\/strong><\/p>\n\n\n\n<p>Gerne unterst\u00fctzen wir aktive Vereine<\/p>\n\n\n\n<p><strong>Menschen mit Behinderungen liegen uns am Herzen<\/strong><\/p>\n\n\n\n<p>Wir unterst\u00fctzen nicht nur zur Weihnachtszeit den\u00a0<strong>F\u00f6rderverein Habila Markgr\u00f6ningen e.V.<\/strong><\/p>\n\n\n\n<p><strong>Patenschaft Bj\u00f6rn Steiger Stiftung<\/strong><\/p>\n\n\n\n<p>Wir engagieren uns f\u00fcr Verst\u00e4ndnis f\u00fcr die im Grundgesetz verankerte Gleichberechtigung von Menschen mit Behinderungen und deren Gleichwertigkeit.<\/p>\n\n\n\n<p><strong>F\u00f6rdern &#8211; Verstehen &#8211; Begegnen<\/strong><\/p>\n\n\n\n<p><br>Die Bereitstellung eines Ausbildungsplatzes muss heutzutage als soziales Wunderwerk gesehen werden, wir sind froh und stolz einen Ausbildungsbetrieb zu haben.<\/p>\n","protected":false},"excerpt":{"rendered":"<p>Soziales Engagement F\u00f6rdern &#8211; Verstehen &#8211; Begegnen Schon immer engagieren wir uns in verschiedenen sozialen Bereichen Das Vereinsleben in unserer Stadt und Region Gerne unterst\u00fctzen wir aktive Vereine Menschen mit Behinderungen liegen uns am Herzen Wir unterst\u00fctzen nicht nur zur &hellip;<\/p>\n<p class=\"read-more\"> <a class=\"more-link\" href=\"https:\/\/www.bei-paul.de\/leo\/soziales\/\"> <span class=\"screen-reader-text\">Soziales<\/span> Read More &raquo;<\/a><\/p>\n","protected":false},"author":2,"featured_media":0,"parent":0,"menu_order":0,"comment_status":"closed","ping_status":"closed","template":"","meta":{"footnotes":""},"class_list":["post-159","page","type-page","status-publish","hentry"],"_links":{"self":[{"href":"https:\/\/www.bei-paul.de\/leo\/wp-json\/wp\/v2\/pages\/159","targetHints":{"allow":["GET"]}}],"collection":[{"href":"https:\/\/www.bei-paul.de\/leo\/wp-json\/wp\/v2\/pages"}],"about":[{"href":"https:\/\/www.bei-paul.de\/leo\/wp-json\/wp\/v2\/types\/page"}],"author":[{"embeddable":true,"href":"https:\/\/www.bei-paul.de\/leo\/wp-json\/wp\/v2\/users\/2"}],"replies":[{"embeddable":true,"href":"https:\/\/www.bei-paul.de\/leo\/wp-json\/wp\/v2\/comments?post=159"}],"version-history":[{"count":1,"href":"https:\/\/www.bei-paul.de\/leo\/wp-json\/wp\/v2\/pages\/159\/revisions"}],"predecessor-version":[{"id":161,"href":"https:\/\/www.bei-paul.de\/leo\/wp-json\/wp\/v2\/pages\/159\/revisions\/161"}],"wp:attachment":[{"href":"https:\/\/www.bei-paul.de\/leo\/wp-json\/wp\/v2\/media?parent=159"}],"curies":[{"name":"wp","href":"https:\/\/api.w.org\/{rel}","templated":true}]}}