{"id":164,"date":"2021-10-27T11:34:20","date_gmt":"2021-10-27T09:34:20","guid":{"rendered":"https:\/\/www.bei-paul.de\/leo\/?page_id=164"},"modified":"2021-10-28T11:44:19","modified_gmt":"2021-10-28T09:44:19","slug":"referenzen","status":"publish","type":"page","link":"https:\/\/www.bei-paul.de\/leo\/referenzen\/","title":{"rendered":"Referenzen"},"content":{"rendered":"\n<div class=\"wp-block-columns is-layout-flex wp-container-core-columns-is-layout-9d6595d7 wp-block-columns-is-layout-flex\">\n<div class=\"wp-block-column is-layout-flow wp-block-column-is-layout-flow\" style=\"flex-basis:100%\">\n<blockquote class=\"wp-block-quote is-style-default is-layout-flow wp-block-quote-is-layout-flow\"><p>&#8222;Die vorgegebenen <strong>Termine<\/strong> wurden <strong>jederzeit eigehalten<\/strong>. Wir haben die Malerwerkst\u00e4tte Stuber als <strong>kompetenten Partner<\/strong> kennengelernt. F\u00fcr weitere Auftr\u00e4ge kann ich Sie <strong>jederzeit empfehlen<\/strong>.\u201c<\/p><\/blockquote>\n<\/div>\n<\/div>\n\n\n\n<div class=\"wp-block-file\"><a href=\"https:\/\/www.bei-paul.de\/leo\/wp-content\/uploads\/2021\/10\/maler-stuber-referenz-markgroeningen-klinik-1.jpg\">maler-stuber-referenz-markgroeningen-klinik-1<\/a><a href=\"https:\/\/www.bei-paul.de\/leo\/wp-content\/uploads\/2021\/10\/maler-stuber-referenz-markgroeningen-klinik-1.jpg\" class=\"wp-block-file__button\" download>Herunterladen<\/a><\/div>\n\n\n\n<div style=\"height:100px\" aria-hidden=\"true\" class=\"wp-block-spacer\"><\/div>\n\n\n\n<blockquote class=\"wp-block-quote is-style-default is-layout-flow wp-block-quote-is-layout-flow\"><p>&#8222;Die <strong>P\u00fcnktlichkeit<\/strong> und die <strong>Fachkompetenz<\/strong> der Mitarbeiter ist sehr hervorzuheben. Alles wurde <strong>sauber ausgef\u00fchrt<\/strong> und nach der Arbeit wurde die <strong>Baustelle sehr ordentlich und sauber verlassen<\/strong>. Selbst die kleinen <strong>Sonderw\u00fcnsche<\/strong> wurden problemlos erf\u00fcllt.<\/p><p>Fazit: Ich kann die Fa. Stuber Malerwerkst\u00e4tte und Ihre Mitarbeiter <strong>jeder Zeit weiterempfehlen<\/strong>. M\u00fcsste ich eine Schulnote vergeben w\u00e4re es eine \u2013 <strong>Sehr gut<\/strong> &#8211; .\u201c<\/p><cite> <\/cite><\/blockquote>\n\n\n\n<div class=\"wp-block-file\"><a href=\"https:\/\/www.bei-paul.de\/leo\/wp-content\/uploads\/2021\/10\/maler-stuber-referenz-markgroeningen_auf_hart27-scaled.jpg\">maler-stuber-referenz-markgroeningen_auf_hart27<\/a><a href=\"https:\/\/www.bei-paul.de\/leo\/wp-content\/uploads\/2021\/10\/maler-stuber-referenz-markgroeningen_auf_hart27-scaled.jpg\" class=\"wp-block-file__button\" download>Herunterladen<\/a><\/div>\n\n\n\n<div style=\"height:100px\" aria-hidden=\"true\" class=\"wp-block-spacer\"><\/div>\n\n\n\n<blockquote class=\"wp-block-quote is-style-default is-layout-flow wp-block-quote-is-layout-flow\"><p>&#8222;Alle vorgegebenen <strong>Termine<\/strong> wurden <strong>eingehalten<\/strong>. Die <strong>Qualit\u00e4t der Arbeit<\/strong>, das <strong>fachkundige Wissen<\/strong> von Frau Stuber und die <strong>gute Zusammenarbeit <\/strong>mit unserer Haustechnik veranlasst uns die Firma Stuber <strong>weiter zu empfehlen<\/strong>.\u201c<\/p><\/blockquote>\n\n\n\n<div class=\"wp-block-file\"><a href=\"https:\/\/www.bei-paul.de\/leo\/wp-content\/uploads\/2021\/10\/maler-stuber-referenz-ihk-stuttgart.jpg\">maler-stuber-referenz-ihk-stuttgart<\/a><a href=\"https:\/\/www.bei-paul.de\/leo\/wp-content\/uploads\/2021\/10\/maler-stuber-referenz-ihk-stuttgart.jpg\" class=\"wp-block-file__button\" download>Herunterladen<\/a><\/div>\n\n\n\n<div style=\"height:100px\" aria-hidden=\"true\" class=\"wp-block-spacer\"><\/div>\n\n\n\n<blockquote class=\"wp-block-quote is-style-default is-layout-flow wp-block-quote-is-layout-flow\"><p>&#8222;Die Fassadensanierung des [oben genannten] Wohn- und Gesch\u00e4ftshauses wurde von Fa. Stuber wie gewohnt in <strong>ausgezeichneter Qualit\u00e4t<\/strong> und <strong>zuverl\u00e4ssiger<\/strong> Weise durchgef\u00fchrt.\u201c<\/p><\/blockquote>\n\n\n\n<div class=\"wp-block-file\"><a href=\"https:\/\/www.bei-paul.de\/leo\/wp-content\/uploads\/2021\/10\/maler-stuber-referenz-anlage-ruf.jpg\">maler-stuber-referenz-anlage-ruf<\/a><a href=\"https:\/\/www.bei-paul.de\/leo\/wp-content\/uploads\/2021\/10\/maler-stuber-referenz-anlage-ruf.jpg\" class=\"wp-block-file__button\" download>Herunterladen<\/a><\/div>\n\n\n\n<div style=\"height:100px\" aria-hidden=\"true\" class=\"wp-block-spacer\"><\/div>\n\n\n\n<div class=\"wp-block-columns is-layout-flex wp-container-core-columns-is-layout-9d6595d7 wp-block-columns-is-layout-flex\">\n<div class=\"wp-block-column is-layout-flow wp-block-column-is-layout-flow\">\n<figure class=\"wp-block-image size-full is-resized\"><img loading=\"lazy\" decoding=\"async\" src=\"https:\/\/www.bei-paul.de\/leo\/wp-content\/uploads\/2021\/10\/maler-stuber-Murrstrasse-referenz-internet.jpg\" alt=\"\" class=\"wp-image-185\" width=\"427\" height=\"570\" srcset=\"https:\/\/www.bei-paul.de\/leo\/wp-content\/uploads\/2021\/10\/maler-stuber-Murrstrasse-referenz-internet.jpg 600w, https:\/\/www.bei-paul.de\/leo\/wp-content\/uploads\/2021\/10\/maler-stuber-Murrstrasse-referenz-internet-225x300.jpg 225w\" sizes=\"auto, (max-width: 427px) 100vw, 427px\" \/><figcaption><strong>Fassadensanierung<\/strong><\/figcaption><\/figure>\n<\/div>\n\n\n\n<div class=\"wp-block-column is-layout-flow wp-block-column-is-layout-flow\">\n<div class=\"wp-block-image\"><figure class=\"aligncenter size-large is-resized\"><img loading=\"lazy\" decoding=\"async\" src=\"https:\/\/www.bei-paul.de\/leo\/wp-content\/uploads\/2021\/10\/maler-stuber-laminat-markgrningen-innenarbeiten-485x1024.jpg\" alt=\"\" class=\"wp-image-186\" width=\"200\" height=\"422\" srcset=\"https:\/\/www.bei-paul.de\/leo\/wp-content\/uploads\/2021\/10\/maler-stuber-laminat-markgrningen-innenarbeiten-485x1024.jpg 485w, https:\/\/www.bei-paul.de\/leo\/wp-content\/uploads\/2021\/10\/maler-stuber-laminat-markgrningen-innenarbeiten-142x300.jpg 142w, https:\/\/www.bei-paul.de\/leo\/wp-content\/uploads\/2021\/10\/maler-stuber-laminat-markgrningen-innenarbeiten-768x1620.jpg 768w, https:\/\/www.bei-paul.de\/leo\/wp-content\/uploads\/2021\/10\/maler-stuber-laminat-markgrningen-innenarbeiten-728x1536.jpg 728w, https:\/\/www.bei-paul.de\/leo\/wp-content\/uploads\/2021\/10\/maler-stuber-laminat-markgrningen-innenarbeiten-971x2048.jpg 971w, https:\/\/www.bei-paul.de\/leo\/wp-content\/uploads\/2021\/10\/maler-stuber-laminat-markgrningen-innenarbeiten-scaled.jpg 1213w\" sizes=\"auto, (max-width: 200px) 100vw, 200px\" \/><figcaption><strong>Innenrenovierung<\/strong><\/figcaption><\/figure><\/div>\n\n\n\n<p><\/p>\n<\/div>\n<\/div>\n","protected":false},"excerpt":{"rendered":"<p>&#8222;Die vorgegebenen Termine wurden jederzeit eigehalten. Wir haben die Malerwerkst\u00e4tte Stuber als kompetenten Partner kennengelernt. F\u00fcr weitere Auftr\u00e4ge kann ich Sie jederzeit empfehlen.\u201c &#8222;Die P\u00fcnktlichkeit und die Fachkompetenz der Mitarbeiter ist sehr hervorzuheben. Alles wurde sauber ausgef\u00fchrt und nach der &hellip;<\/p>\n<p class=\"read-more\"> <a class=\"more-link\" href=\"https:\/\/www.bei-paul.de\/leo\/referenzen\/\"> <span class=\"screen-reader-text\">Referenzen<\/span> Read More &raquo;<\/a><\/p>\n","protected":false},"author":2,"featured_media":0,"parent":0,"menu_order":0,"comment_status":"closed","ping_status":"closed","template":"","meta":{"footnotes":""},"class_list":["post-164","page","type-page","status-publish","hentry"],"_links":{"self":[{"href":"https:\/\/www.bei-paul.de\/leo\/wp-json\/wp\/v2\/pages\/164","targetHints":{"allow":["GET"]}}],"collection":[{"href":"https:\/\/www.bei-paul.de\/leo\/wp-json\/wp\/v2\/pages"}],"about":[{"href":"https:\/\/www.bei-paul.de\/leo\/wp-json\/wp\/v2\/types\/page"}],"author":[{"embeddable":true,"href":"https:\/\/www.bei-paul.de\/leo\/wp-json\/wp\/v2\/users\/2"}],"replies":[{"embeddable":true,"href":"https:\/\/www.bei-paul.de\/leo\/wp-json\/wp\/v2\/comments?post=164"}],"version-history":[{"count":37,"href":"https:\/\/www.bei-paul.de\/leo\/wp-json\/wp\/v2\/pages\/164\/revisions"}],"predecessor-version":[{"id":387,"href":"https:\/\/www.bei-paul.de\/leo\/wp-json\/wp\/v2\/pages\/164\/revisions\/387"}],"wp:attachment":[{"href":"https:\/\/www.bei-paul.de\/leo\/wp-json\/wp\/v2\/media?parent=164"}],"curies":[{"name":"wp","href":"https:\/\/api.w.org\/{rel}","templated":true}]}}