{"id":24,"date":"2021-10-26T17:40:53","date_gmt":"2021-10-26T15:40:53","guid":{"rendered":"https:\/\/www.bei-paul.de\/leo\/?page_id=24"},"modified":"2021-10-26T22:11:08","modified_gmt":"2021-10-26T20:11:08","slug":"historie","status":"publish","type":"page","link":"https:\/\/www.bei-paul.de\/leo\/historie\/","title":{"rendered":"Historie"},"content":{"rendered":"\n<p>Die Malermeisterin und Restauratorin Andrea Stuber steht dem Betrieb Malerwerkst\u00e4tte Stuber voran, den ihr Gro\u00dfvater im Fr\u00fchjahr 1923 gr\u00fcndete, ihr Vater bis 1972 weiter f\u00fchrte und den ihr Bruder Malermeister Eberhard Stuber bis 2009 weiter ausbaute.<\/p>\n\n\n\n<figure class=\"wp-block-image size-full is-style-rounded\"><img loading=\"lazy\" decoding=\"async\" width=\"900\" height=\"737\" src=\"https:\/\/www.bei-paul.de\/leo\/wp-content\/uploads\/2021\/10\/maler_stuber_historie_haus.jpg\" alt=\"\" class=\"wp-image-25\" srcset=\"https:\/\/www.bei-paul.de\/leo\/wp-content\/uploads\/2021\/10\/maler_stuber_historie_haus.jpg 900w, https:\/\/www.bei-paul.de\/leo\/wp-content\/uploads\/2021\/10\/maler_stuber_historie_haus-300x246.jpg 300w, https:\/\/www.bei-paul.de\/leo\/wp-content\/uploads\/2021\/10\/maler_stuber_historie_haus-768x629.jpg 768w\" sizes=\"auto, (max-width: 900px) 100vw, 900px\" \/><figcaption>Malerwerkst\u00e4tte Stuber<\/figcaption><\/figure>\n\n\n\n<p>Fr\u00fcher stand der Name Stuber in und um Markgr\u00f6ningen f\u00fcr das klassische Maler- und Tapeziergesch\u00e4ft, das auch&nbsp;<a href=\"https:\/\/www.maler-stuber.de\/index.php\/leistungen\/fassaden\"><strong>Lackier- und Anstricharbeiten<\/strong>&nbsp;<\/a>sowie hochwertige Beschriftungen f\u00fcr die Industrie vornahm.<\/p>\n\n\n\n<p>\u00dcber die Jahrzehnte sind die Malerwerkst\u00e4tten Stuber zu einem multifunktionalen Unternehmen modernen Zuschnitts mit einem weit \u00fcber die Grenzen der Region hinausreichenden Aktionsradius gereift.<\/p>\n\n\n\n<p>Qualifizierte Mitarbeiter haben auf alle Fragen, die den Hausbau, die Geb\u00e4udesanierung oder&nbsp;<a href=\"https:\/\/www.maler-stuber.de\/index.php\/leistungen\/restauration\"><strong>Restaurationsarbeiten<\/strong><\/a>&nbsp;betreffen, die passende Antwort parat.<\/p>\n\n\n\n<p>Nicht zuletzt deshalb, weil man sich die Anpassung an technische Innovationen im Dienste des Kunden schon immer besonders zu Herzen genommen hat.<\/p>\n\n\n\n<blockquote class=\"wp-block-quote is-style-large is-layout-flow wp-block-quote-is-layout-flow\"><p><strong>F\u00fcr Sie sind wir Fit!<\/strong><\/p><\/blockquote>\n","protected":false},"excerpt":{"rendered":"<p>Die Malermeisterin und Restauratorin Andrea Stuber steht dem Betrieb Malerwerkst\u00e4tte Stuber voran, den ihr Gro\u00dfvater im Fr\u00fchjahr 1923 gr\u00fcndete, ihr Vater bis 1972 weiter f\u00fchrte und den ihr Bruder Malermeister Eberhard Stuber bis 2009 weiter ausbaute. Fr\u00fcher stand der Name &hellip;<\/p>\n<p class=\"read-more\"> <a class=\"more-link\" href=\"https:\/\/www.bei-paul.de\/leo\/historie\/\"> <span class=\"screen-reader-text\">Historie<\/span> Read More &raquo;<\/a><\/p>\n","protected":false},"author":2,"featured_media":0,"parent":0,"menu_order":0,"comment_status":"closed","ping_status":"closed","template":"","meta":{"footnotes":""},"class_list":["post-24","page","type-page","status-publish","hentry"],"_links":{"self":[{"href":"https:\/\/www.bei-paul.de\/leo\/wp-json\/wp\/v2\/pages\/24","targetHints":{"allow":["GET"]}}],"collection":[{"href":"https:\/\/www.bei-paul.de\/leo\/wp-json\/wp\/v2\/pages"}],"about":[{"href":"https:\/\/www.bei-paul.de\/leo\/wp-json\/wp\/v2\/types\/page"}],"author":[{"embeddable":true,"href":"https:\/\/www.bei-paul.de\/leo\/wp-json\/wp\/v2\/users\/2"}],"replies":[{"embeddable":true,"href":"https:\/\/www.bei-paul.de\/leo\/wp-json\/wp\/v2\/comments?post=24"}],"version-history":[{"count":1,"href":"https:\/\/www.bei-paul.de\/leo\/wp-json\/wp\/v2\/pages\/24\/revisions"}],"predecessor-version":[{"id":26,"href":"https:\/\/www.bei-paul.de\/leo\/wp-json\/wp\/v2\/pages\/24\/revisions\/26"}],"wp:attachment":[{"href":"https:\/\/www.bei-paul.de\/leo\/wp-json\/wp\/v2\/media?parent=24"}],"curies":[{"name":"wp","href":"https:\/\/api.w.org\/{rel}","templated":true}]}}