{"id":412,"date":"2021-10-29T09:22:57","date_gmt":"2021-10-29T07:22:57","guid":{"rendered":"https:\/\/www.bei-paul.de\/leo\/?page_id=412"},"modified":"2021-10-29T09:22:57","modified_gmt":"2021-10-29T07:22:57","slug":"impressum-2","status":"publish","type":"page","link":"https:\/\/www.bei-paul.de\/leo\/impressum-2\/","title":{"rendered":"Impressum"},"content":{"rendered":"\n<p><br>Verantwortlich f\u00fcr die Web-Pr\u00e4senz:<\/p>\n\n\n\n<figure class=\"wp-block-table\"><table><tbody><tr><td><strong>Firma: <\/strong><br><strong>Malerwerkst\u00e4tte Stuber <\/strong><br>Inhaber \/ Gesch\u00e4ftsf\u00fchrer: Andrea Stuber <br>Titel \/ Berufsbezeichnung: Malermeisterin und Restauratorin <br>Anschrift: M\u00fcnchinger Str. 22 &nbsp; <br>71706 Markgr\u00f6ningen <br><br>Telefon: (+49 7145) 5309 <br>Telefax: (+49 7145) 7309 <br>Email: <a href=\"mailto:info@maler-stuber.de\">info[at]maler-stuber.de<\/a> <br><br>Zust\u00e4ndige Aufsichtsbeh\u00f6rde: <a rel=\"noreferrer noopener\" href=\"http:\/\/www.hwk-stuttgart.de\/\" target=\"_blank\">Handwerkskammer Stuttgart<\/a> <a rel=\"noreferrer noopener\" href=\"https:\/\/www.maler-stuber.de\/Referenzen\/maler_stuber_Mitgliedschaft_HWK_Stuttgart.pdf\" target=\"_blank\">Mitgliedschaft HWK<\/a> <br>UST-ID 71254\/40452 <br>St.-Nr.: DE 263975054 <\/td><\/tr><\/tbody><\/table><\/figure>\n\n\n\n<p>Techn. Realisation: <a href=\"http:\/\/www.itcs-pohle.de\/profil.html\" target=\"_blank\" rel=\"noreferrer noopener\">ITCS Pohle<\/a>, Marbach a.N.<\/p>\n\n\n\n<h2 class=\"wp-block-heading\">Haftungsauschluss<\/h2>\n\n\n\n<p><strong>Haftung f\u00fcr Inhalte<\/strong><br>Als Diensteanbieter sind wir gem\u00e4\u00df \u00a7 7 Abs.1 TMG f\u00fcr eigene Inhalte auf diesen Seiten nach den allgemeinen Gesetzen verantwortlich. Nach \u00a7\u00a7 8 bis 10 TMG sind wir als Diensteanbieter jedoch nicht verpflichtet, \u00fcbermittelte oder gespeicherte fremde Informationen zu \u00fcberwachen oder nach Umst\u00e4nden zu forschen, die auf eine rechtswidrige T\u00e4tigkeit hinweisen. Verpflichtungen zur Entfernung oder Sperrung der Nutzung von Informationen nach den allgemeinen Gesetzen bleiben hiervon unber\u00fchrt. Eine diesbez\u00fcgliche Haftung ist jedoch erst ab dem Zeitpunkt der Kenntnis einer konkreten Rechtsverletzung m\u00f6glich. Bei Bekanntwerden von entsprechenden Rechtsverletzungen werden wir diese Inhalte umgehend entfernen.<\/p>\n\n\n\n<p>Der Autor \u00fcbernimmt keinerlei Gew\u00e4hr f\u00fcr die Aktualit\u00e4t, Korrektheit, Vollst\u00e4ndigkeit oder Qualit\u00e4t der bereitgestellten Informationen. Haftungsanspr\u00fcche gegen den Autor, welche sich auf Sch\u00e4den materieller oder ideeller Art beziehen, die durch die Nutzung oder Nichtnutzung der dargebotenen Informationen bzw. durch die Nutzung fehlerhafter und unvollst\u00e4ndiger Informationen verursacht wurden, sind grunds\u00e4tzlich ausgeschlossen, sofern seitens des Autors kein nachweislich vors\u00e4tzliches oder grob fahrl\u00e4ssiges Verschulden vorliegt.<\/p>\n\n\n\n<p><strong>Haftung f\u00fcr Links<\/strong><br>Unser Angebot enth\u00e4lt Links zu externen Webseiten Dritter, auf deren Inhalte wir keinen Einfluss haben. Deshalb k\u00f6nnen wir f\u00fcr diese fremden Inhalte auch keine Gew\u00e4hr \u00fcbernehmen. F\u00fcr die Inhalte der verlinkten Seiten ist stets der jeweilige Anbieter oder Betreiber der Seiten verantwortlich. Die verlinkten Seiten wurden zum Zeitpunkt der Verlinkung auf m\u00f6gliche Rechtsverst\u00f6\u00dfe \u00fcberpr\u00fcft. Rechtswidrige Inhalte waren zum Zeitpunkt der Verlinkung nicht erkennbar. Eine permanente inhaltliche Kontrolle der verlinkten Seiten ist jedoch ohne konkrete Anhaltspunkte einer Rechtsverletzung nicht zumutbar. Bei Bekanntwerden von Rechtsverletzungen werden wir derartige Links umgehend entfernen.<\/p>\n\n\n\n<p><strong>Urheberrecht<\/strong><br>Die durch die Seitenbetreiber erstellten Inhalte und Werke auf diesen Seiten unterliegen dem deutschen Urheberrecht. Die Vervielf\u00e4ltigung, Bearbeitung, Verbreitung und jede Art der Verwertung au\u00dferhalb der Grenzen des Urheberrechtes bed\u00fcrfen der schriftlichen Zustimmung des jeweiligen Autors bzw. Erstellers. Downloads und Kopien dieser Seite sind nur f\u00fcr den privaten, nicht kommerziellen Gebrauch gestattet. Soweit die Inhalte auf dieser Seite nicht vom Betreiber erstellt wurden, werden die Urheberrechte Dritter beachtet. Insbesondere werden Inhalte Dritter als solche gekennzeichnet. Sollten Sie trotzdem auf eine Urheberrechtsverletzung aufmerksam werden, bitten wir um einen entsprechenden Hinweis. Bei Bekanntwerden von Rechtsverletzungen werden wir derartige Inhalte umgehend entfernen.<\/p>\n\n\n\n<p>Alle Informationen, Firmenzeichen, Texte, Grafiken und Bilder unterliegen dem Urheberrecht. Sie sind, soweit keine anderen Eigentumsvorbehalte greifen, unser Eigentum. Die Weiterverarbeitung und Nutzung ist nur mit vorheriger schriftlicher Genehmigung durch uns gestattet. Alle benutzen Warenzeichen und Firmenbezeichnungen unterliegen dem Copyright der jeweiligen Firmen.<\/p>\n","protected":false},"excerpt":{"rendered":"<p>Verantwortlich f\u00fcr die Web-Pr\u00e4senz: Firma: Malerwerkst\u00e4tte Stuber Inhaber \/ Gesch\u00e4ftsf\u00fchrer: Andrea Stuber Titel \/ Berufsbezeichnung: Malermeisterin und Restauratorin Anschrift: M\u00fcnchinger Str. 22 &nbsp; 71706 Markgr\u00f6ningen Telefon: (+49 7145) 5309 Telefax: (+49 7145) 7309 Email: info[at]maler-stuber.de Zust\u00e4ndige Aufsichtsbeh\u00f6rde: Handwerkskammer Stuttgart Mitgliedschaft &hellip;<\/p>\n<p class=\"read-more\"> <a class=\"more-link\" href=\"https:\/\/www.bei-paul.de\/leo\/impressum-2\/\"> <span class=\"screen-reader-text\">Impressum<\/span> Read More &raquo;<\/a><\/p>\n","protected":false},"author":1,"featured_media":0,"parent":0,"menu_order":0,"comment_status":"closed","ping_status":"closed","template":"","meta":{"footnotes":""},"class_list":["post-412","page","type-page","status-publish","hentry"],"_links":{"self":[{"href":"https:\/\/www.bei-paul.de\/leo\/wp-json\/wp\/v2\/pages\/412","targetHints":{"allow":["GET"]}}],"collection":[{"href":"https:\/\/www.bei-paul.de\/leo\/wp-json\/wp\/v2\/pages"}],"about":[{"href":"https:\/\/www.bei-paul.de\/leo\/wp-json\/wp\/v2\/types\/page"}],"author":[{"embeddable":true,"href":"https:\/\/www.bei-paul.de\/leo\/wp-json\/wp\/v2\/users\/1"}],"replies":[{"embeddable":true,"href":"https:\/\/www.bei-paul.de\/leo\/wp-json\/wp\/v2\/comments?post=412"}],"version-history":[{"count":2,"href":"https:\/\/www.bei-paul.de\/leo\/wp-json\/wp\/v2\/pages\/412\/revisions"}],"predecessor-version":[{"id":422,"href":"https:\/\/www.bei-paul.de\/leo\/wp-json\/wp\/v2\/pages\/412\/revisions\/422"}],"wp:attachment":[{"href":"https:\/\/www.bei-paul.de\/leo\/wp-json\/wp\/v2\/media?parent=412"}],"curies":[{"name":"wp","href":"https:\/\/api.w.org\/{rel}","templated":true}]}}