{"id":431,"date":"2021-10-29T16:16:28","date_gmt":"2021-10-29T14:16:28","guid":{"rendered":"https:\/\/www.bei-paul.de\/leo\/?page_id=431"},"modified":"2021-10-29T17:24:39","modified_gmt":"2021-10-29T15:24:39","slug":"fassaden","status":"publish","type":"page","link":"https:\/\/www.bei-paul.de\/leo\/fassaden\/","title":{"rendered":"Fassaden"},"content":{"rendered":"\n<h2 class=\"has-button-color-color has-text-color wp-block-heading\">Perfektion von Gro\u00df bis Klein<\/h2>\n\n\n\n<div class=\"wp-block-columns is-layout-flex wp-container-core-columns-is-layout-9d6595d7 wp-block-columns-is-layout-flex\">\n<div class=\"wp-block-column is-layout-flow wp-block-column-is-layout-flow\" style=\"flex-basis:66.66%\">\n<p>Ob Privathaus oder Wohnanlage, ob Fabrikhalle oder ein ganzer Geb\u00e4udekomplex f\u00fcr die Industrie &#8211; die Perfektion geht auch bei ausgesprochenen Gro\u00dfprojekten bis ins Detail. Das macht Stuber bei Fassadensanierungen und selbstverst\u00e4ndlich auch bei allen anfallenden Arbeiten im Innenbereich zu einem kompetenten Gesch\u00e4ftspartner.<br><br><\/p>\n\n\n\n<p>Die gro\u00dfe Bandbreite der verf\u00fcgbaren Leistungen reicht hier von Verputzarbeiten \u00fcber Fassadenanstriche, Vollw\u00e4rmeschutz-Ma\u00dfnahmen, von Tapezierarbeiten \u00fcber Fu\u00dfbodenbeschichtungen, Armierungen, Betonsanierung, W\u00e4rmed\u00e4mmung nach DIN-Normen bis hin zu speziellen Anstrichen und Lackierungen f\u00fcr die Industrie nach DIN-Normen.<\/p>\n<\/div>\n\n\n\n<div class=\"wp-block-column is-layout-flow wp-block-column-is-layout-flow\" style=\"flex-basis:33.33%\">\n<figure class=\"wp-block-image size-full\"><img loading=\"lazy\" decoding=\"async\" width=\"574\" height=\"682\" src=\"https:\/\/www.bei-paul.de\/leo\/wp-content\/uploads\/2021\/10\/4.Unbenannt-2.png\" alt=\"\" class=\"wp-image-486\" srcset=\"https:\/\/www.bei-paul.de\/leo\/wp-content\/uploads\/2021\/10\/4.Unbenannt-2.png 574w, https:\/\/www.bei-paul.de\/leo\/wp-content\/uploads\/2021\/10\/4.Unbenannt-2-252x300.png 252w, https:\/\/www.bei-paul.de\/leo\/wp-content\/uploads\/2021\/10\/4.Unbenannt-2-100x119.png 100w, https:\/\/www.bei-paul.de\/leo\/wp-content\/uploads\/2021\/10\/4.Unbenannt-2-150x178.png 150w, https:\/\/www.bei-paul.de\/leo\/wp-content\/uploads\/2021\/10\/4.Unbenannt-2-200x238.png 200w, https:\/\/www.bei-paul.de\/leo\/wp-content\/uploads\/2021\/10\/4.Unbenannt-2-300x356.png 300w, https:\/\/www.bei-paul.de\/leo\/wp-content\/uploads\/2021\/10\/4.Unbenannt-2-450x535.png 450w\" sizes=\"auto, (max-width: 574px) 100vw, 574px\" \/><\/figure>\n<\/div>\n<\/div>\n\n\n\n<div class=\"wp-block-columns is-layout-flex wp-container-core-columns-is-layout-9d6595d7 wp-block-columns-is-layout-flex\">\n<div class=\"wp-block-column is-vertically-aligned-center is-layout-flow wp-block-column-is-layout-flow\" style=\"flex-basis:33.33%\"><\/div>\n\n\n\n<div class=\"wp-block-column is-vertically-aligned-center is-layout-flow wp-block-column-is-layout-flow\" style=\"flex-basis:66.66%\"><\/div>\n<\/div>\n\n\n\n<div style=\"height:100px\" aria-hidden=\"true\" class=\"wp-block-spacer\"><\/div>\n\n\n\n<div class=\"wp-block-columns is-layout-flex wp-container-core-columns-is-layout-9d6595d7 wp-block-columns-is-layout-flex\">\n<div class=\"wp-block-column is-layout-flow wp-block-column-is-layout-flow\">\n<figure class=\"wp-block-image size-full is-resized\"><img loading=\"lazy\" decoding=\"async\" src=\"https:\/\/www.bei-paul.de\/leo\/wp-content\/uploads\/2021\/10\/maler_stuber_Fassade_Betonsanierung_03a-2.jpg\" alt=\"\" class=\"wp-image-446\" width=\"428\" height=\"215\" srcset=\"https:\/\/www.bei-paul.de\/leo\/wp-content\/uploads\/2021\/10\/maler_stuber_Fassade_Betonsanierung_03a-2.jpg 1024w, https:\/\/www.bei-paul.de\/leo\/wp-content\/uploads\/2021\/10\/maler_stuber_Fassade_Betonsanierung_03a-2-300x151.jpg 300w, https:\/\/www.bei-paul.de\/leo\/wp-content\/uploads\/2021\/10\/maler_stuber_Fassade_Betonsanierung_03a-2-768x387.jpg 768w, https:\/\/www.bei-paul.de\/leo\/wp-content\/uploads\/2021\/10\/maler_stuber_Fassade_Betonsanierung_03a-2-100x50.jpg 100w, https:\/\/www.bei-paul.de\/leo\/wp-content\/uploads\/2021\/10\/maler_stuber_Fassade_Betonsanierung_03a-2-150x76.jpg 150w, https:\/\/www.bei-paul.de\/leo\/wp-content\/uploads\/2021\/10\/maler_stuber_Fassade_Betonsanierung_03a-2-200x101.jpg 200w, https:\/\/www.bei-paul.de\/leo\/wp-content\/uploads\/2021\/10\/maler_stuber_Fassade_Betonsanierung_03a-2-450x227.jpg 450w, https:\/\/www.bei-paul.de\/leo\/wp-content\/uploads\/2021\/10\/maler_stuber_Fassade_Betonsanierung_03a-2-600x302.jpg 600w, https:\/\/www.bei-paul.de\/leo\/wp-content\/uploads\/2021\/10\/maler_stuber_Fassade_Betonsanierung_03a-2-900x454.jpg 900w\" sizes=\"auto, (max-width: 428px) 100vw, 428px\" \/><\/figure>\n<\/div>\n\n\n\n<div class=\"wp-block-column is-layout-flow wp-block-column-is-layout-flow\">\n<figure class=\"wp-block-image size-large is-resized\"><img loading=\"lazy\" decoding=\"async\" src=\"https:\/\/www.bei-paul.de\/leo\/wp-content\/uploads\/2021\/10\/stuber-wilhelmstr-bietigheim01-Kopie-2-1024x584.jpg\" alt=\"\" class=\"wp-image-447\" width=\"281\" height=\"160\" srcset=\"https:\/\/www.bei-paul.de\/leo\/wp-content\/uploads\/2021\/10\/stuber-wilhelmstr-bietigheim01-Kopie-2-1024x584.jpg 1024w, https:\/\/www.bei-paul.de\/leo\/wp-content\/uploads\/2021\/10\/stuber-wilhelmstr-bietigheim01-Kopie-2-300x171.jpg 300w, https:\/\/www.bei-paul.de\/leo\/wp-content\/uploads\/2021\/10\/stuber-wilhelmstr-bietigheim01-Kopie-2-768x438.jpg 768w, https:\/\/www.bei-paul.de\/leo\/wp-content\/uploads\/2021\/10\/stuber-wilhelmstr-bietigheim01-Kopie-2-1536x876.jpg 1536w, https:\/\/www.bei-paul.de\/leo\/wp-content\/uploads\/2021\/10\/stuber-wilhelmstr-bietigheim01-Kopie-2-100x57.jpg 100w, https:\/\/www.bei-paul.de\/leo\/wp-content\/uploads\/2021\/10\/stuber-wilhelmstr-bietigheim01-Kopie-2-150x86.jpg 150w, https:\/\/www.bei-paul.de\/leo\/wp-content\/uploads\/2021\/10\/stuber-wilhelmstr-bietigheim01-Kopie-2-200x114.jpg 200w, https:\/\/www.bei-paul.de\/leo\/wp-content\/uploads\/2021\/10\/stuber-wilhelmstr-bietigheim01-Kopie-2-450x257.jpg 450w, https:\/\/www.bei-paul.de\/leo\/wp-content\/uploads\/2021\/10\/stuber-wilhelmstr-bietigheim01-Kopie-2-600x342.jpg 600w, https:\/\/www.bei-paul.de\/leo\/wp-content\/uploads\/2021\/10\/stuber-wilhelmstr-bietigheim01-Kopie-2-900x513.jpg 900w, https:\/\/www.bei-paul.de\/leo\/wp-content\/uploads\/2021\/10\/stuber-wilhelmstr-bietigheim01-Kopie-2.jpg 1542w\" sizes=\"auto, (max-width: 281px) 100vw, 281px\" \/><\/figure>\n<\/div>\n<\/div>\n\n\n\n<div class=\"wp-block-columns is-layout-flex wp-container-core-columns-is-layout-9d6595d7 wp-block-columns-is-layout-flex\">\n<div class=\"wp-block-column is-layout-flow wp-block-column-is-layout-flow\"><\/div>\n\n\n\n<div class=\"wp-block-column is-layout-flow wp-block-column-is-layout-flow\"><\/div>\n\n\n\n<div class=\"wp-block-column is-layout-flow wp-block-column-is-layout-flow\"><\/div>\n<\/div>\n\n\n\n<div style=\"height:100px\" aria-hidden=\"true\" class=\"wp-block-spacer\"><\/div>\n\n\n\n<blockquote class=\"wp-block-quote is-style-large is-layout-flow wp-block-quote-is-layout-flow\"><p><strong>F\u00fcr Sie sind wir fit.<\/strong><\/p><\/blockquote>\n","protected":false},"excerpt":{"rendered":"<p>Perfektion von Gro\u00df bis Klein Ob Privathaus oder Wohnanlage, ob Fabrikhalle oder ein ganzer Geb\u00e4udekomplex f\u00fcr die Industrie &#8211; die Perfektion geht auch bei ausgesprochenen Gro\u00dfprojekten bis ins Detail. Das macht Stuber bei Fassadensanierungen und selbstverst\u00e4ndlich auch bei allen anfallenden &hellip;<\/p>\n<p class=\"read-more\"> <a class=\"more-link\" href=\"https:\/\/www.bei-paul.de\/leo\/fassaden\/\"> <span class=\"screen-reader-text\">Fassaden<\/span> Read More &raquo;<\/a><\/p>\n","protected":false},"author":2,"featured_media":0,"parent":0,"menu_order":0,"comment_status":"closed","ping_status":"closed","template":"","meta":{"footnotes":""},"class_list":["post-431","page","type-page","status-publish","hentry"],"_links":{"self":[{"href":"https:\/\/www.bei-paul.de\/leo\/wp-json\/wp\/v2\/pages\/431","targetHints":{"allow":["GET"]}}],"collection":[{"href":"https:\/\/www.bei-paul.de\/leo\/wp-json\/wp\/v2\/pages"}],"about":[{"href":"https:\/\/www.bei-paul.de\/leo\/wp-json\/wp\/v2\/types\/page"}],"author":[{"embeddable":true,"href":"https:\/\/www.bei-paul.de\/leo\/wp-json\/wp\/v2\/users\/2"}],"replies":[{"embeddable":true,"href":"https:\/\/www.bei-paul.de\/leo\/wp-json\/wp\/v2\/comments?post=431"}],"version-history":[{"count":15,"href":"https:\/\/www.bei-paul.de\/leo\/wp-json\/wp\/v2\/pages\/431\/revisions"}],"predecessor-version":[{"id":487,"href":"https:\/\/www.bei-paul.de\/leo\/wp-json\/wp\/v2\/pages\/431\/revisions\/487"}],"wp:attachment":[{"href":"https:\/\/www.bei-paul.de\/leo\/wp-json\/wp\/v2\/media?parent=431"}],"curies":[{"name":"wp","href":"https:\/\/api.w.org\/{rel}","templated":true}]}}