{"id":466,"date":"2021-10-29T17:15:46","date_gmt":"2021-10-29T15:15:46","guid":{"rendered":"https:\/\/www.bei-paul.de\/leo\/?page_id=466"},"modified":"2021-10-29T17:26:49","modified_gmt":"2021-10-29T15:26:49","slug":"maler-und-tapezierarbeiten","status":"publish","type":"page","link":"https:\/\/www.bei-paul.de\/leo\/maler-und-tapezierarbeiten\/","title":{"rendered":"Maler- und Tapezierarbeiten"},"content":{"rendered":"\n<h2 class=\"has-button-color-color has-text-color wp-block-heading\">Qualit\u00e4t auf allen Fl\u00e4chen<\/h2>\n\n\n\n<div class=\"wp-block-columns is-layout-flex wp-container-core-columns-is-layout-9d6595d7 wp-block-columns-is-layout-flex\">\n<div class=\"wp-block-column is-layout-flow wp-block-column-is-layout-flow\" style=\"flex-basis:66.66%\">\n<p>Sie haben Lust auf einen Tapetenwechsel ?<\/p>\n\n\n\n<p>Sie entscheiden sich mit uns aus unseren hochwertigen Musterb\u00fcchern f\u00fcr die Tapete die in Ihre W\u00e4nde passt.<br>Ab hier \u00fcbernehmen wir die Arbeit und Sie lehnen sich zur\u00fcck, die fachgerechte Arbeit von selbstverst\u00e4ndlich hoher Qualit\u00e4t f\u00fchren wir gerne f\u00fcr Sie aus.<br>Garantiert.<\/p>\n\n\n\n<p>Wir tapezieren Ihre vier W\u00e4nde und machen daraus ein gem\u00fctliches Zuhause.<br>Egal ob Raufaser, Vlies-Tapete, Vinyl-Tapete Muster-Tapete, Textil-Tapete, Glasgewebe-Tapete oder sonstige Tapeten.<\/p>\n\n\n\n<p>Die Malerwerkst\u00e4tte Stuber bietet Ihnen Qualit\u00e4t in jeder Art von Anstrichen und Lackierungen sowie s\u00e4mtlichen Beschichtungen an W\u00e4nden und Decken und Tapezierarbeiten an Decken und W\u00e4nden und Wandbel\u00e4gen sowohl im Innen- als auch im Au\u00dfenbereich.<\/p>\n\n\n\n<p>Hierzu geh\u00f6ren alle zu bearbeitenden Bauteile.<\/p>\n<\/div>\n\n\n\n<div class=\"wp-block-column is-layout-flow wp-block-column-is-layout-flow\" style=\"flex-basis:33.33%\">\n<figure class=\"wp-block-image size-full\"><img loading=\"lazy\" decoding=\"async\" width=\"240\" height=\"240\" src=\"https:\/\/www.bei-paul.de\/leo\/wp-content\/uploads\/2021\/10\/240_F_216770480_JvPUk7rTOQK9ea0PJcN46rKILcyLkDWt-8.jpg\" alt=\"\" class=\"wp-image-489\" srcset=\"https:\/\/www.bei-paul.de\/leo\/wp-content\/uploads\/2021\/10\/240_F_216770480_JvPUk7rTOQK9ea0PJcN46rKILcyLkDWt-8.jpg 240w, https:\/\/www.bei-paul.de\/leo\/wp-content\/uploads\/2021\/10\/240_F_216770480_JvPUk7rTOQK9ea0PJcN46rKILcyLkDWt-8-150x150.jpg 150w, https:\/\/www.bei-paul.de\/leo\/wp-content\/uploads\/2021\/10\/240_F_216770480_JvPUk7rTOQK9ea0PJcN46rKILcyLkDWt-8-100x100.jpg 100w, https:\/\/www.bei-paul.de\/leo\/wp-content\/uploads\/2021\/10\/240_F_216770480_JvPUk7rTOQK9ea0PJcN46rKILcyLkDWt-8-200x200.jpg 200w\" sizes=\"auto, (max-width: 240px) 100vw, 240px\" \/><\/figure>\n<\/div>\n<\/div>\n\n\n\n<div style=\"height:100px\" aria-hidden=\"true\" class=\"wp-block-spacer\"><\/div>\n\n\n\n<div class=\"wp-block-columns is-layout-flex wp-container-core-columns-is-layout-9d6595d7 wp-block-columns-is-layout-flex\">\n<div class=\"wp-block-column is-layout-flow wp-block-column-is-layout-flow\">\n<figure class=\"wp-block-image size-full is-resized\"><img loading=\"lazy\" decoding=\"async\" src=\"https:\/\/www.bei-paul.de\/leo\/wp-content\/uploads\/2021\/10\/maler_stuber_malerarbeiten_01.jpg\" alt=\"\" class=\"wp-image-468\" width=\"420\" height=\"236\" srcset=\"https:\/\/www.bei-paul.de\/leo\/wp-content\/uploads\/2021\/10\/maler_stuber_malerarbeiten_01.jpg 800w, https:\/\/www.bei-paul.de\/leo\/wp-content\/uploads\/2021\/10\/maler_stuber_malerarbeiten_01-300x169.jpg 300w, https:\/\/www.bei-paul.de\/leo\/wp-content\/uploads\/2021\/10\/maler_stuber_malerarbeiten_01-768x432.jpg 768w, https:\/\/www.bei-paul.de\/leo\/wp-content\/uploads\/2021\/10\/maler_stuber_malerarbeiten_01-100x56.jpg 100w, https:\/\/www.bei-paul.de\/leo\/wp-content\/uploads\/2021\/10\/maler_stuber_malerarbeiten_01-150x84.jpg 150w, https:\/\/www.bei-paul.de\/leo\/wp-content\/uploads\/2021\/10\/maler_stuber_malerarbeiten_01-200x113.jpg 200w, https:\/\/www.bei-paul.de\/leo\/wp-content\/uploads\/2021\/10\/maler_stuber_malerarbeiten_01-450x253.jpg 450w, https:\/\/www.bei-paul.de\/leo\/wp-content\/uploads\/2021\/10\/maler_stuber_malerarbeiten_01-600x338.jpg 600w\" sizes=\"auto, (max-width: 420px) 100vw, 420px\" \/><\/figure>\n\n\n\n<p><\/p>\n<\/div>\n\n\n\n<div class=\"wp-block-column is-layout-flow wp-block-column-is-layout-flow\">\n<figure class=\"wp-block-image size-large is-resized\"><img loading=\"lazy\" decoding=\"async\" src=\"https:\/\/www.bei-paul.de\/leo\/wp-content\/uploads\/2021\/10\/maler-stuber-tapezieren01-1024x768.jpg\" alt=\"\" class=\"wp-image-469\" width=\"244\" height=\"183\" srcset=\"https:\/\/www.bei-paul.de\/leo\/wp-content\/uploads\/2021\/10\/maler-stuber-tapezieren01-1024x768.jpg 1024w, https:\/\/www.bei-paul.de\/leo\/wp-content\/uploads\/2021\/10\/maler-stuber-tapezieren01-300x225.jpg 300w, https:\/\/www.bei-paul.de\/leo\/wp-content\/uploads\/2021\/10\/maler-stuber-tapezieren01-768x576.jpg 768w, https:\/\/www.bei-paul.de\/leo\/wp-content\/uploads\/2021\/10\/maler-stuber-tapezieren01-100x75.jpg 100w, https:\/\/www.bei-paul.de\/leo\/wp-content\/uploads\/2021\/10\/maler-stuber-tapezieren01-150x112.jpg 150w, https:\/\/www.bei-paul.de\/leo\/wp-content\/uploads\/2021\/10\/maler-stuber-tapezieren01-200x150.jpg 200w, https:\/\/www.bei-paul.de\/leo\/wp-content\/uploads\/2021\/10\/maler-stuber-tapezieren01-450x337.jpg 450w, https:\/\/www.bei-paul.de\/leo\/wp-content\/uploads\/2021\/10\/maler-stuber-tapezieren01-600x450.jpg 600w, https:\/\/www.bei-paul.de\/leo\/wp-content\/uploads\/2021\/10\/maler-stuber-tapezieren01-900x675.jpg 900w, https:\/\/www.bei-paul.de\/leo\/wp-content\/uploads\/2021\/10\/maler-stuber-tapezieren01.jpg 1351w\" sizes=\"auto, (max-width: 244px) 100vw, 244px\" \/><\/figure>\n<\/div>\n<\/div>\n\n\n\n<div style=\"height:100px\" aria-hidden=\"true\" class=\"wp-block-spacer\"><\/div>\n\n\n\n<blockquote class=\"wp-block-quote is-style-large is-layout-flow wp-block-quote-is-layout-flow\"><p><strong>F\u00fcr Sie sind wir fit.<\/strong><\/p><\/blockquote>\n","protected":false},"excerpt":{"rendered":"<p>Qualit\u00e4t auf allen Fl\u00e4chen Sie haben Lust auf einen Tapetenwechsel ? Sie entscheiden sich mit uns aus unseren hochwertigen Musterb\u00fcchern f\u00fcr die Tapete die in Ihre W\u00e4nde passt.Ab hier \u00fcbernehmen wir die Arbeit und Sie lehnen sich zur\u00fcck, die fachgerechte &hellip;<\/p>\n<p class=\"read-more\"> <a class=\"more-link\" href=\"https:\/\/www.bei-paul.de\/leo\/maler-und-tapezierarbeiten\/\"> <span class=\"screen-reader-text\">Maler- und Tapezierarbeiten<\/span> Read More &raquo;<\/a><\/p>\n","protected":false},"author":2,"featured_media":0,"parent":0,"menu_order":0,"comment_status":"closed","ping_status":"closed","template":"","meta":{"footnotes":""},"class_list":["post-466","page","type-page","status-publish","hentry"],"_links":{"self":[{"href":"https:\/\/www.bei-paul.de\/leo\/wp-json\/wp\/v2\/pages\/466","targetHints":{"allow":["GET"]}}],"collection":[{"href":"https:\/\/www.bei-paul.de\/leo\/wp-json\/wp\/v2\/pages"}],"about":[{"href":"https:\/\/www.bei-paul.de\/leo\/wp-json\/wp\/v2\/types\/page"}],"author":[{"embeddable":true,"href":"https:\/\/www.bei-paul.de\/leo\/wp-json\/wp\/v2\/users\/2"}],"replies":[{"embeddable":true,"href":"https:\/\/www.bei-paul.de\/leo\/wp-json\/wp\/v2\/comments?post=466"}],"version-history":[{"count":5,"href":"https:\/\/www.bei-paul.de\/leo\/wp-json\/wp\/v2\/pages\/466\/revisions"}],"predecessor-version":[{"id":490,"href":"https:\/\/www.bei-paul.de\/leo\/wp-json\/wp\/v2\/pages\/466\/revisions\/490"}],"wp:attachment":[{"href":"https:\/\/www.bei-paul.de\/leo\/wp-json\/wp\/v2\/media?parent=466"}],"curies":[{"name":"wp","href":"https:\/\/api.w.org\/{rel}","templated":true}]}}