{"id":475,"date":"2021-10-29T17:19:48","date_gmt":"2021-10-29T15:19:48","guid":{"rendered":"https:\/\/www.bei-paul.de\/leo\/?page_id=475"},"modified":"2021-11-01T17:20:25","modified_gmt":"2021-11-01T16:20:25","slug":"restauration","status":"publish","type":"page","link":"https:\/\/www.bei-paul.de\/leo\/restauration\/","title":{"rendered":"Restauration"},"content":{"rendered":"\n<h2 class=\"has-button-color-color has-text-color wp-block-heading\">Qualit\u00e4t durch Hingabe<\/h2>\n\n\n\n<div class=\"wp-block-columns is-layout-flex wp-container-core-columns-is-layout-9d6595d7 wp-block-columns-is-layout-flex\">\n<div class=\"wp-block-column is-layout-flow wp-block-column-is-layout-flow\" style=\"flex-basis:66.66%\">\n<p>Qualit\u00e4tsarbeit, die den hohen Anspr\u00fcchen des Kunden gerecht wird, ist f\u00fcr Stuber kennzeichnend. Das gilt in besonderem Ma\u00dfe f\u00fcr den Bereich der Restauration.<\/p>\n\n\n\n<p>Das Know-how unserer Experten spielt auf diesem \u00e4u\u00dferst sensiblen und vielschichtigen Gebiet eine mit entscheidende Rolle.<\/p>\n\n\n\n<p><strong>Gr\u00f6\u00dften Wert legen wir auf die stilfachgerechte Beratung des Kunden.<\/strong><\/p>\n\n\n\n<p>Eine Portion Hingabe und der Einsatz spezieller Techniken geh\u00f6ren dazu, um Objekte aus den verschiedensten Epochen wieder in alter Pracht erstrahlen zu lassen. Das Spektrum reicht dabei von Stuckverzierungen bis hin zu denkmalgesch\u00fctzten Bauten und Kirchen.<\/p>\n<\/div>\n\n\n\n<div class=\"wp-block-column is-layout-flow wp-block-column-is-layout-flow\" style=\"flex-basis:33.33%\">\n<figure class=\"wp-block-image size-large\"><img loading=\"lazy\" decoding=\"async\" width=\"1024\" height=\"1024\" src=\"https:\/\/www.bei-paul.de\/leo\/wp-content\/uploads\/2021\/11\/restauration-1-1024x1024.jpg\" alt=\"\" class=\"wp-image-553\" srcset=\"https:\/\/www.bei-paul.de\/leo\/wp-content\/uploads\/2021\/11\/restauration-1-1024x1024.jpg 1024w, https:\/\/www.bei-paul.de\/leo\/wp-content\/uploads\/2021\/11\/restauration-1-300x300.jpg 300w, https:\/\/www.bei-paul.de\/leo\/wp-content\/uploads\/2021\/11\/restauration-1-150x150.jpg 150w, https:\/\/www.bei-paul.de\/leo\/wp-content\/uploads\/2021\/11\/restauration-1-768x768.jpg 768w, https:\/\/www.bei-paul.de\/leo\/wp-content\/uploads\/2021\/11\/restauration-1-1536x1536.jpg 1536w, https:\/\/www.bei-paul.de\/leo\/wp-content\/uploads\/2021\/11\/restauration-1.jpg 2048w, https:\/\/www.bei-paul.de\/leo\/wp-content\/uploads\/2021\/11\/restauration-1-100x100.jpg 100w, https:\/\/www.bei-paul.de\/leo\/wp-content\/uploads\/2021\/11\/restauration-1-200x200.jpg 200w, https:\/\/www.bei-paul.de\/leo\/wp-content\/uploads\/2021\/11\/restauration-1-450x450.jpg 450w, https:\/\/www.bei-paul.de\/leo\/wp-content\/uploads\/2021\/11\/restauration-1-600x600.jpg 600w, https:\/\/www.bei-paul.de\/leo\/wp-content\/uploads\/2021\/11\/restauration-1-900x900.jpg 900w\" sizes=\"auto, (max-width: 1024px) 100vw, 1024px\" \/><\/figure>\n<\/div>\n<\/div>\n\n\n\n<h3 class=\"wp-block-heading\">Produktlinie<\/h3>\n\n\n\n<ul class=\"wp-block-list\"><li><a href=\"http:\/\/www.keim.com\/de-de\" target=\"_Blank\" rel=\"noreferrer noopener\">KEIM<\/a><br>Mineralfarben f\u00fcr Innen und Au\u00dfen<\/li><li><a href=\"http:\/\/www.caparol.de\/produkte\/baudenkmalpflege\/histolith.html\" target=\"_Blank\" rel=\"noreferrer noopener\">Hystolith&nbsp;<\/a><br>F\u00fcr authentische Renovierung im Denkmal- und Altbaubereich<\/li><li><a href=\"http:\/\/www.jotun.com\/de\/de\/b2c\" target=\"_Blank\" rel=\"noreferrer noopener\">Jotun<\/a><br>Ein harmonischer Anstrich f\u00fcr Haus oder M\u00f6bel &#8211; Wetterbest\u00e4ndig<\/li><\/ul>\n\n\n\n<div style=\"height:100px\" aria-hidden=\"true\" class=\"wp-block-spacer\"><\/div>\n\n\n\n<div class=\"wp-block-columns is-layout-flex wp-container-core-columns-is-layout-9d6595d7 wp-block-columns-is-layout-flex\">\n<div class=\"wp-block-column is-layout-flow wp-block-column-is-layout-flow\" style=\"flex-basis:66.66%\">\n<figure class=\"wp-block-image size-large is-resized\"><img loading=\"lazy\" decoding=\"async\" src=\"https:\/\/www.bei-paul.de\/leo\/wp-content\/uploads\/2021\/10\/maler_stuber_Fachwerkhaus-_Restauration_05-1024x576.jpg\" alt=\"\" class=\"wp-image-480\" width=\"334\" height=\"187\" srcset=\"https:\/\/www.bei-paul.de\/leo\/wp-content\/uploads\/2021\/10\/maler_stuber_Fachwerkhaus-_Restauration_05-1024x576.jpg 1024w, https:\/\/www.bei-paul.de\/leo\/wp-content\/uploads\/2021\/10\/maler_stuber_Fachwerkhaus-_Restauration_05-300x169.jpg 300w, https:\/\/www.bei-paul.de\/leo\/wp-content\/uploads\/2021\/10\/maler_stuber_Fachwerkhaus-_Restauration_05-768x432.jpg 768w, https:\/\/www.bei-paul.de\/leo\/wp-content\/uploads\/2021\/10\/maler_stuber_Fachwerkhaus-_Restauration_05-100x56.jpg 100w, https:\/\/www.bei-paul.de\/leo\/wp-content\/uploads\/2021\/10\/maler_stuber_Fachwerkhaus-_Restauration_05-150x84.jpg 150w, https:\/\/www.bei-paul.de\/leo\/wp-content\/uploads\/2021\/10\/maler_stuber_Fachwerkhaus-_Restauration_05-200x112.jpg 200w, https:\/\/www.bei-paul.de\/leo\/wp-content\/uploads\/2021\/10\/maler_stuber_Fachwerkhaus-_Restauration_05-450x253.jpg 450w, https:\/\/www.bei-paul.de\/leo\/wp-content\/uploads\/2021\/10\/maler_stuber_Fachwerkhaus-_Restauration_05-600x337.jpg 600w, https:\/\/www.bei-paul.de\/leo\/wp-content\/uploads\/2021\/10\/maler_stuber_Fachwerkhaus-_Restauration_05-900x506.jpg 900w, https:\/\/www.bei-paul.de\/leo\/wp-content\/uploads\/2021\/10\/maler_stuber_Fachwerkhaus-_Restauration_05.jpg 1099w\" sizes=\"auto, (max-width: 334px) 100vw, 334px\" \/><\/figure>\n<\/div>\n\n\n\n<div class=\"wp-block-column is-layout-flow wp-block-column-is-layout-flow\" style=\"flex-basis:33.33%\">\n<figure class=\"wp-block-image size-full is-resized\"><img loading=\"lazy\" decoding=\"async\" src=\"https:\/\/www.bei-paul.de\/leo\/wp-content\/uploads\/2021\/10\/Restauration.jpg\" alt=\"\" class=\"wp-image-479\" width=\"376\" height=\"338\" srcset=\"https:\/\/www.bei-paul.de\/leo\/wp-content\/uploads\/2021\/10\/Restauration.jpg 500w, https:\/\/www.bei-paul.de\/leo\/wp-content\/uploads\/2021\/10\/Restauration-300x270.jpg 300w, https:\/\/www.bei-paul.de\/leo\/wp-content\/uploads\/2021\/10\/Restauration-100x90.jpg 100w, https:\/\/www.bei-paul.de\/leo\/wp-content\/uploads\/2021\/10\/Restauration-150x135.jpg 150w, https:\/\/www.bei-paul.de\/leo\/wp-content\/uploads\/2021\/10\/Restauration-200x180.jpg 200w, https:\/\/www.bei-paul.de\/leo\/wp-content\/uploads\/2021\/10\/Restauration-450x405.jpg 450w\" sizes=\"auto, (max-width: 376px) 100vw, 376px\" \/><figcaption> vorher \/ restauriert <\/figcaption><\/figure>\n<\/div>\n<\/div>\n\n\n\n<div class=\"wp-block-columns is-layout-flex wp-container-core-columns-is-layout-9d6595d7 wp-block-columns-is-layout-flex\">\n<div class=\"wp-block-column is-layout-flow wp-block-column-is-layout-flow\"><\/div>\n\n\n\n<div class=\"wp-block-column is-layout-flow wp-block-column-is-layout-flow\"><\/div>\n<\/div>\n\n\n\n<div style=\"height:100px\" aria-hidden=\"true\" class=\"wp-block-spacer\"><\/div>\n\n\n\n<blockquote class=\"wp-block-quote is-style-large is-layout-flow wp-block-quote-is-layout-flow\"><p><strong>F\u00fcr Sie sind wir fit.<\/strong><\/p><\/blockquote>\n","protected":false},"excerpt":{"rendered":"<p>Qualit\u00e4t durch Hingabe Qualit\u00e4tsarbeit, die den hohen Anspr\u00fcchen des Kunden gerecht wird, ist f\u00fcr Stuber kennzeichnend. Das gilt in besonderem Ma\u00dfe f\u00fcr den Bereich der Restauration. Das Know-how unserer Experten spielt auf diesem \u00e4u\u00dferst sensiblen und vielschichtigen Gebiet eine mit &hellip;<\/p>\n<p class=\"read-more\"> <a class=\"more-link\" href=\"https:\/\/www.bei-paul.de\/leo\/restauration\/\"> <span class=\"screen-reader-text\">Restauration<\/span> Read More &raquo;<\/a><\/p>\n","protected":false},"author":2,"featured_media":0,"parent":0,"menu_order":0,"comment_status":"closed","ping_status":"closed","template":"","meta":{"footnotes":""},"class_list":["post-475","page","type-page","status-publish","hentry"],"_links":{"self":[{"href":"https:\/\/www.bei-paul.de\/leo\/wp-json\/wp\/v2\/pages\/475","targetHints":{"allow":["GET"]}}],"collection":[{"href":"https:\/\/www.bei-paul.de\/leo\/wp-json\/wp\/v2\/pages"}],"about":[{"href":"https:\/\/www.bei-paul.de\/leo\/wp-json\/wp\/v2\/types\/page"}],"author":[{"embeddable":true,"href":"https:\/\/www.bei-paul.de\/leo\/wp-json\/wp\/v2\/users\/2"}],"replies":[{"embeddable":true,"href":"https:\/\/www.bei-paul.de\/leo\/wp-json\/wp\/v2\/comments?post=475"}],"version-history":[{"count":18,"href":"https:\/\/www.bei-paul.de\/leo\/wp-json\/wp\/v2\/pages\/475\/revisions"}],"predecessor-version":[{"id":557,"href":"https:\/\/www.bei-paul.de\/leo\/wp-json\/wp\/v2\/pages\/475\/revisions\/557"}],"wp:attachment":[{"href":"https:\/\/www.bei-paul.de\/leo\/wp-json\/wp\/v2\/media?parent=475"}],"curies":[{"name":"wp","href":"https:\/\/api.w.org\/{rel}","templated":true}]}}