{"id":535,"date":"2021-10-30T11:57:38","date_gmt":"2021-10-30T09:57:38","guid":{"rendered":"https:\/\/www.bei-paul.de\/leo\/?page_id=535"},"modified":"2021-10-30T11:59:06","modified_gmt":"2021-10-30T09:59:06","slug":"trg-s-519","status":"publish","type":"page","link":"https:\/\/www.bei-paul.de\/leo\/trg-s-519\/","title":{"rendered":"TRG S 519"},"content":{"rendered":"\n<h2 class=\"has-button-color-color has-text-color wp-block-heading\">Zementplattensanierung nach TRG S 519<\/h2>\n\n\n\n<h3 class=\"wp-block-heading\">Zeugnis Landesinnungsverband&nbsp;<a href=\"https:\/\/www.maler-stuber.de\/pdf\/maler_stuber_TRGS_519%20Zertifikat.pdf\" target=\"_blank\" rel=\"noreferrer noopener\">[PDF]<\/a><\/h3>\n\n\n\n<h3 class=\"wp-block-heading\"><a rel=\"noreferrer noopener\" href=\"https:\/\/www.maler-stuber.de\/pdf\/Zementplatten_TRG_S_519_Gefahrstoffverordnung.pdf\" target=\"_blank\"><strong>Verordnung zum Schutz vor Gefahrstoffen<\/strong><\/a><\/h3>\n\n\n\n<p>Die Definition&nbsp;<strong>TRGS 519<\/strong>&nbsp;(Technische Regeln f\u00fcr Gefahrstoffe &#8211; Asbest) definiert erforderliche Schutzma\u00dfnahmen bei Abbruch-, Sanierungs- und Instandhaltungsarbeiten von Asbest und asbesthaltigen Gefahrstoffen<\/p>\n\n\n\n<p>Als Isoliermaterial wurde beim Brandschutz lange Zeit bevorzugt Asbest verwendet.<br>Bevor Anfang der 80er Jahre die gesundheitssch\u00e4dliche Wirkung der Asbestfaser erkannt wurde, hatte man Asbest als Dachdeckung und Fassadenbekleidung eingesetzt. (Asbestzement und zum Beispiel Eternit). Mit der Zeit hat der Materialverschlei\u00df das Freisetzen von Asbestfasern zur Folge welche bei Abbrucharbeiten, Sanierungen und Entsorgung freigesetzt werden. Zum Schutze der Arbeitskr\u00e4fte und der Umwelt werden in der Definition besondere Ma\u00dfnahmen zur Sicherheit vorgeschrieben wie zum Beispiel Schutzanz\u00fcge, Absaugvorrichtungen, Befeuchten und Einhausungen.<\/p>\n\n\n\n<div class=\"wp-block-media-text alignwide is-stacked-on-mobile is-vertically-aligned-top\"><figure class=\"wp-block-media-text__media\"><img loading=\"lazy\" decoding=\"async\" width=\"300\" height=\"400\" src=\"https:\/\/www.bei-paul.de\/leo\/wp-content\/uploads\/2021\/10\/Fassade_fensterplatte_beschaedigt.jpg\" alt=\"\" class=\"wp-image-536 size-full\" srcset=\"https:\/\/www.bei-paul.de\/leo\/wp-content\/uploads\/2021\/10\/Fassade_fensterplatte_beschaedigt.jpg 300w, https:\/\/www.bei-paul.de\/leo\/wp-content\/uploads\/2021\/10\/Fassade_fensterplatte_beschaedigt-225x300.jpg 225w, https:\/\/www.bei-paul.de\/leo\/wp-content\/uploads\/2021\/10\/Fassade_fensterplatte_beschaedigt-100x133.jpg 100w, https:\/\/www.bei-paul.de\/leo\/wp-content\/uploads\/2021\/10\/Fassade_fensterplatte_beschaedigt-150x200.jpg 150w, https:\/\/www.bei-paul.de\/leo\/wp-content\/uploads\/2021\/10\/Fassade_fensterplatte_beschaedigt-200x267.jpg 200w\" sizes=\"auto, (max-width: 300px) 100vw, 300px\" \/><\/figure><div class=\"wp-block-media-text__content\">\n<p><strong>Verordnung zum Schutz vor Gefahrstoffen (Gefahrstoffverordnung \u2013 GefStoffV)<\/strong><\/p>\n\n\n\n<p>findet man in&nbsp;<em>Anhang II, Nummer 1 Asbest<\/em>&nbsp;die seit diesem Datum g\u00fcltige Regelung zum Thema Asbest. Es gilt:<\/p>\n<\/div><\/div>\n\n\n\n<p><strong>Nummer 1<\/strong><\/p>\n\n\n\n<p><strong>Asbest<\/strong><\/p>\n\n\n\n<p>(1) Arbeiten an asbesthaltigen Teilen von Geb\u00e4uden, Ger\u00e4ten, Maschinen, Anlagen, Fahrzeugen und sonstigen Erzeugnissen sind verboten. Satz 1 gilt nicht f\u00fcr<\/p>\n\n\n\n<ol class=\"wp-block-list\"><li>Abbrucharbeiten,<\/li><li>Sanierungs- und Instandhaltungsarbeiten mit Ausnahme von Arbeiten, die zu einem Abtrag der Oberfl\u00e4che von Asbestprodukten f\u00fchren, es sei denn, es handelt sich um emissionsarme Verfahren, die beh\u00f6rdlich oder von den Tr\u00e4gern der gesetzlichen Unfallversicherung anerkannt sind. Zu den Verfahren, die zum verbotenen Abtrag von asbesthaltigen Oberfl\u00e4chen f\u00fchren, z\u00e4hlen insbesondere Abschleifen, Druckreinigen, Abb\u00fcrsten und Bohren.<\/li><\/ol>\n\n\n\n<p>Zu den nach Satz 1 verbotenen Arbeiten z\u00e4hlen auch \u00dcberdeckungs-, \u00dcberbauungs- und Aufst\u00e4nderungsarbeiten an Asbestzementd\u00e4chern und -wandverkleidungen sowie Reinigungs- und Beschichtungsarbeiten an unbeschichteten Asbestzementd\u00e4chern und -wandverkleidungen. Die weitere Verwendung von bei Arbeiten anfallenden asbesthaltigen Gegenst\u00e4nden und Materialien zu anderen Zwecken als der Abfallbeseitigung oder Abfallverwertung ist verboten.<\/p>\n\n\n\n<p>(2) Die Gewinnung, Aufbereitung, Weiterverarbeitung und Wiederverwendung von nat\u00fcrlich vorkommenden mineralischen Rohstoffen und daraus hergestellten Zubereitungen und Erzeugnissen, die Asbest mit einem Massengehalt von mehr als 0,1 Prozent enthalten, ist verboten.<\/p>\n\n\n\n<p>(3) Asbesthaltige Abf\u00e4lle sind zu versehen mit der genannten Kennzeichnung in Artikel 67 in Verbindung mit Anhang XVII Nummer 6 Spalte 2 Ziffer 3 sowie Anlage 7 dieses Anhangs der Verordnung (EG) Nr. 1907\/2006.<\/p>\n\n\n\n<p>(4) Die Abs\u00e4tze 1 und 3 gelten auch f\u00fcr private Haushalte.<\/p>\n\n\n\n<p><strong>Demnach sind Reinigungs- und Beschichtungsarbeiten an unbeschichteten Asbestfl\u00e4chen VERBOTEN!<\/strong><\/p>\n\n\n\n<p><strong>Hier der link zu den gesetzlichen Unterlagen: [<a href=\"http:\/\/www.baua.de\/de\/Themen-von-A-Z\/Gefahrstoffe\/Rechtstexte\/pdf\/Gefahrstoffverordnung.pdf;jsessionid=055623E8108CB296A57684516E9DE8C6.1_cid380?__blob=publicationFile&amp;v=7\" target=\"_blank\" rel=\"noreferrer noopener\">TRGS519<\/a>]<\/strong><\/p>\n","protected":false},"excerpt":{"rendered":"<p>Zementplattensanierung nach TRG S 519 Zeugnis Landesinnungsverband&nbsp;[PDF] Verordnung zum Schutz vor Gefahrstoffen Die Definition&nbsp;TRGS 519&nbsp;(Technische Regeln f\u00fcr Gefahrstoffe &#8211; Asbest) definiert erforderliche Schutzma\u00dfnahmen bei Abbruch-, Sanierungs- und Instandhaltungsarbeiten von Asbest und asbesthaltigen Gefahrstoffen Als Isoliermaterial wurde beim Brandschutz lange Zeit &hellip;<\/p>\n<p class=\"read-more\"> <a class=\"more-link\" href=\"https:\/\/www.bei-paul.de\/leo\/trg-s-519\/\"> <span class=\"screen-reader-text\">TRG S 519<\/span> Read More &raquo;<\/a><\/p>\n","protected":false},"author":2,"featured_media":0,"parent":0,"menu_order":0,"comment_status":"closed","ping_status":"closed","template":"","meta":{"footnotes":""},"class_list":["post-535","page","type-page","status-publish","hentry"],"_links":{"self":[{"href":"https:\/\/www.bei-paul.de\/leo\/wp-json\/wp\/v2\/pages\/535","targetHints":{"allow":["GET"]}}],"collection":[{"href":"https:\/\/www.bei-paul.de\/leo\/wp-json\/wp\/v2\/pages"}],"about":[{"href":"https:\/\/www.bei-paul.de\/leo\/wp-json\/wp\/v2\/types\/page"}],"author":[{"embeddable":true,"href":"https:\/\/www.bei-paul.de\/leo\/wp-json\/wp\/v2\/users\/2"}],"replies":[{"embeddable":true,"href":"https:\/\/www.bei-paul.de\/leo\/wp-json\/wp\/v2\/comments?post=535"}],"version-history":[{"count":2,"href":"https:\/\/www.bei-paul.de\/leo\/wp-json\/wp\/v2\/pages\/535\/revisions"}],"predecessor-version":[{"id":539,"href":"https:\/\/www.bei-paul.de\/leo\/wp-json\/wp\/v2\/pages\/535\/revisions\/539"}],"wp:attachment":[{"href":"https:\/\/www.bei-paul.de\/leo\/wp-json\/wp\/v2\/media?parent=535"}],"curies":[{"name":"wp","href":"https:\/\/api.w.org\/{rel}","templated":true}]}}